{"id":24,"date":"2023-10-11T20:56:37","date_gmt":"2023-10-11T18:56:37","guid":{"rendered":"https:\/\/evathelisson.com\/?page_id=24"},"modified":"2025-11-05T10:24:34","modified_gmt":"2025-11-05T09:24:34","slug":"publications","status":"publish","type":"page","link":"https:\/\/evathelisson.com\/?page_id=24","title":{"rendered":"Publications"},"content":{"rendered":"<p><strong>2025<\/strong><\/p>\n<p><strong>Thelisson, E. La r\u00e9ification de la personne et l\u2019anthropomorphisme des objets: Impact sur la protection de la personne dans le contexte des neurosciences.\u00a0<\/strong>In Bernheim-Desvau, S. and S\u00e9n\u00e9chal, J. (Eds.), <strong>Vers un droit neuro-\u00e9thique ? R\u00e9flexion \u00e0 partir des pratiques num\u00e9riques d\u2019influence et de manipulation des consommateurs.\u00a0<\/strong>IRJS Panth\u00e9on Sorbonne. <a href=\"https:\/\/irjs.pantheonsorbonne.fr\/publications\/vers-droit-neuro-ethique\">Link<\/a>.<\/p>\n<p><strong>2025<\/strong><\/p>\n<p>Verma, H., Padh, K., and <strong>Thelisson, E. Can AI be Auditable?<\/strong> In Constantinides, M. and Quercia, D. (Eds), <strong>Operationalizing Responsible AI: Opportunities and Challenges<\/strong>. Cambridge University Press. <a href=\"https:\/\/arxiv.org\/abs\/2509.00575\">Link<\/a>.<\/p>\n<p style=\"text-align: left;\"><strong>2024<\/strong><\/p>\n<p>Lubrich, P., Comerio, M., Bure\u0161, P., and <strong>Thelisson, E.<\/strong>\u00a0<strong>Enhancing accessibility and interoperability of mobility data: mobilityDCAT-AP, a metadata specification for mobility data portals.<\/strong> In Transport Research Arena Conference, Dublin, Ireland<em>.<\/em><\/p>\n<p style=\"text-align: left;\"><strong>2024<\/strong><\/p>\n<p><strong>Thelisson, E.<\/strong>, and Verma, H.\u00a0<strong>Conformity assessment under the EU AI act general approach.<\/strong> In AI &amp; Ethics, Online<em>. <\/em><a href=\"https:\/\/doi.org\/10.1007\/s43681-023-00402-5\">Link.<\/a><\/p>\n<p style=\"text-align: left;\"><strong>2023<\/strong><\/p>\n<p><strong>Thelisson, E.<\/strong>, Grzegorz, M., Schneiter, Q., Padh, K., and Verma, H. <strong>Toward Responsible AI Use: Considerations for Sustainability Impact Assessment.<\/strong> In <em>arXiv:2312.11996 [cs.HC].\u00a0<\/em><a href=\"https:\/\/arxiv.org\/abs\/2312.11996\">Link.<\/a><\/p>\n<p style=\"text-align: left;\"><strong>2023<\/strong><\/p>\n<p>Padh, K., <strong>Thelisson, E.<\/strong>, and Verma, H.\u00a0<strong>Public Sentiment as a Complementary Indicator of Corporate Responsibility.<\/strong> In\u00a0<em>Symposium on Governance of AI in the European Union, Douai, France.\u00a0<\/em><a href=\"https:\/\/blogdroiteuropeen.com\/2022\/11\/28\/symposium-governance-of-artificial-intelligence-in-the-european-union-15-16-decembre-2022-douai\/\">Link.<\/a><\/p>\n<p style=\"text-align: left;\"><strong>2023<\/strong><\/p>\n<p><strong>Thelisson, E.<\/strong> <strong>Non-prolif\u00e9ration de l\u2019intelligence artificielle g\u00e9n\u00e9rative\u2013Quel en-cadrement normatif?<\/strong>. In <em>L&#8217;<\/em><i>Association fran\u00e7aise pour l\u2019Intelligence Artificielle, <\/i>120, 62-69. <a href=\"https:\/\/afia.asso.fr\/wp-content\/uploads\/2023\/05\/120_avr23.pdf#page=63\">Link<\/a>.<\/p>\n<p style=\"text-align: left;\"><strong>2023<\/strong><\/p>\n<p><strong>Thelisson, E.<\/strong>, &amp; Verma, H. <strong>EU AI Act and Conformity Assessment<\/strong>. In <em>AAAI\u201923 Workshop organized by Confiance.AI.<\/em><\/p>\n<p style=\"text-align: left;\"><strong>2022<\/strong><\/p>\n<p>de Marcellis-Warin, N., Marty, F., <strong>Thelisson, E.<\/strong>, &amp; Warin, T. <strong>Artificial intelligence and consumer manipulations: from consumer&#8217;s counter algorithms to firm&#8217;s self-regulation tools.<\/strong> <i>AI and Ethics<\/i>, <i>2<\/i>(2), 259-268. <a href=\"https:\/\/link.springer.com\/article\/10.1007\/s43681-022-00149-5\">Link<\/a>.<\/p>\n<p style=\"text-align: left;\"><strong>2022<\/strong><\/p>\n<p><strong>Thelisson, E.<\/strong>, &amp; Ho-Dac, M. <strong>Le consommateur europ\u00e9en face \u00e0 l\u2019intelligence artificielle \u2013 Quel cadre r\u00e8glementaire au sein du march\u00e9 unique num\u00e9rique ? (The European Consumer and Artificial Intelligence &#8211; What Regulatory Framework within the Digital Single Market&#8217;?)<\/strong>. In <em>Le droit europ\u00e9en de la consommation au XXI\u00e8me si\u00e8cle : \u00e9tat des lieux et perspectives. <\/em>Editions Bruylant. <a href=\"https:\/\/ssrn.com\/abstract=3897287\">Link<\/a>.<\/p>\n<p style=\"text-align: left;\"><strong>2021<\/strong><\/p>\n<p>Lambert, D., <strong>Thelisson, E.<\/strong>, Reichberg, G. M., &amp; Abi Ghanem, A. <strong>Human Fraternity in the cyberspace: ethical challenges and opportunities.<\/strong> In A. de La Rochefoucauld , &amp; S. Saldi (Eds.), <em>Human Fraternity in Cyberspace : Ethical Challenges and Opportunities <\/em>(pp. 13-30). The Caritas in Veritate Foundation. <a href=\"https:\/\/www.fciv.org\/downloads\/WP13-Book.pdf\">Link<\/a>.<\/p>\n<p style=\"text-align: left;\"><strong>2021<\/strong><\/p>\n<p><strong>Thelisson, E<\/strong>. <strong>AI Technologies and Accountability in Digital Health.\u00a0<\/strong>In <em>Cambridge Bioethics and the Law Series, Cambridge University Press.\u00a0<\/em><a href=\"https:\/\/papers.ssrn.com\/sol3\/papers.cfm?abstract_id=3828206\">Link<\/a>.<\/p>\n<p style=\"text-align: left;\"><strong>2020<\/strong><\/p>\n<p><strong>Thelisson, E. Le R\u00e8glement g\u00e9n\u00e9ral sur la protection des donn\u00e9es et son impact en Suisse.<\/strong> Les \u00c9ditions du Net. <a href=\"https:\/\/theses.hal.science\/tel-02945581v1\">Link<\/a>.<\/p>\n<p style=\"text-align: left;\"><strong>2020<\/strong><\/p>\n<p>P\u00e9gny, M., <strong>Thelisson, E.<\/strong>, &amp; Ibnouhsein, I. <strong>The Right to an Explanation: An Interpretation and Defense.<\/strong> <i>Delphi &#8211; Interdisciplinary Review of Emerging Technologies<\/i>, <i>2(4)<\/i>, 161-166. <a href=\"https:\/\/doi.org\/10.21552\/delphi\/2019\/4\/5\">Link<\/a>.<\/p>\n<p style=\"text-align: left;\"><strong>2020<\/strong><\/p>\n<p><strong>Thelisson, E.<\/strong>, Morin, J., &amp; Rochel, J. <strong>AI Governance: Digital Responsibility as a Building Block: Towards an Index of Digital Responsibility. <\/strong><em>Delphi &#8211; Interdisciplinary Review of Emerging Technologies, 2(4), <\/em>167-178. <a href=\"https:\/\/doi.org\/10.21552\/delphi\/2019\/4\/6\">Link<\/a>.<\/p>\n<p><strong>2020<\/strong><\/p>\n<p><strong>Thelisson, E. Could Bronchodilators Help in the Management of Covid-19?\u00a0<\/strong><a href=\"https:\/\/www.academia.edu\/129732441\/Could_Bronchodilators_Help_in_the_Management_of_Covid_19\">Link<\/a>.<\/p>\n<p style=\"text-align: left;\"><strong>2019<\/strong><\/p>\n<p><strong>Thelisson, E.<\/strong> <strong>The scope of the extraterritorial character of the General Data Protection Regulation.<\/strong> <i>Revue internationale de droit economique<\/i>, 33(4), 501-533. <a href=\"https:\/\/www.cairn.info\/revue-internationale-de-droit-economique-2019-4-page-501.htm\">Link<\/a>.<\/p>\n<p style=\"text-align: left;\"><strong>2019<\/strong><\/p>\n<p><strong>Thelisson, E.<\/strong>\u00a0<strong>The central role of states for building a balanced AI governance.<\/strong> <i>Delphi<\/i>, <i>2<\/i>, 155. <a href=\"https:\/\/heinonline.org\/HOL\/LandingPage?handle=hein.journals\/delphi2&amp;div=40&amp;id=&amp;page=\">Link<\/a>.<\/p>\n<p style=\"text-align: left;\"><strong>2018<\/strong><\/p>\n<p><strong>Thelisson, E.<\/strong> <strong>Towards a Computational Sustainability for AI\/ML to Foster Responsibility.<\/strong> In <i>Proceedings of the 2018 AAAI\/ACM Conference on AI, Ethics, and Society<\/i> (pp. 386-387). <a href=\"https:\/\/dl.acm.org\/doi\/abs\/10.1145\/3278721.3278784?casa_token=scKdnPfKA2gAAAAA:cbe90YIv0g7Z_LRYoKF4E4hIyTLD5SgWEf1npDHdGMyukgDUR1onDPLVJrAaQjifFiHcQKgMh-Zv9A\">Link<\/a>.<\/p>\n<p style=\"text-align: left;\"><strong>2018<\/strong><\/p>\n<p><strong>Thelisson, E.<\/strong>, Sharma, K., Salam, H., &amp; Dignum, V. <strong>The general data protection regulation: An opportunity for the hci community?<\/strong>. In <i>Extended Abstracts of the 2018 CHI Conference on Human Factors in Computing Systems<\/i> (pp. 1-8). <a href=\"https:\/\/dl.acm.org\/doi\/abs\/10.1145\/3170427.3170632?casa_token=cxmnjM7LQokAAAAA:CletWVFtmRoBn5snhu0zeRF7P2s-QlJYemPLZUcq0zWyWROHTMRyUQrFC5oME_uuYXihFtaflDdacQ\">Link.<\/a><\/p>\n<p style=\"text-align: left;\"><strong>2017<\/strong><\/p>\n<p><strong>Thelisson, E.<\/strong>, Padh, K., &amp; Celis, L. E. <strong>Regulatory mechanisms and algorithms towards trust in AI\/ML.<\/strong> In <i>Proceedings of the IJCAI 2017 workshop on explainable artificial intelligence (XAI), Melbourne, Australia<\/i>(pp. 19-21). <a href=\"https:\/\/www.researchgate.net\/profile\/Eva-Thelisson\/publication\/318913104_Regulatory_Mechanisms_and_Algorithms_towards_Trust_in_AIML\/links\/5984d9ef458515605844ef66\/Regulatory-Mechanisms-and-Algorithms-towards-Trust-in-AI-ML.pdf\">Link<\/a>.<\/p>\n<p style=\"text-align: left;\"><strong>2017<\/strong><\/p>\n<p><strong>Thelisson, E.<\/strong> <strong>Towards Trust, Transparency and Liability in AI\/AS systems.<\/strong> In <em>Proceedings of the Twenty-Sixth International Joint Conference on Artificial Intelligence (IJCAI-17), Melbourne, Australia <\/em>(pp. 5215-5216). <a href=\"https:\/\/www.ijcai.org\/proceedings\/2017\/0767.pdf\">Link<\/a>.<\/p>\n<p style=\"text-align: left;\"><strong>2011<\/strong><\/p>\n<p><strong>Thelisson, E. Un \u00c9tat Mondial via Internet?<\/strong>. Les Editions du Net. <a href=\"https:\/\/books.google.ch\/books?hl=en&amp;lr=&amp;id=co04EAAAQBAJ&amp;oi=fnd&amp;pg=PT5&amp;dq=Un+Etat+mondial+via+Internet%3F+thelisson&amp;ots=OWoIPl9ptO&amp;sig=4eWLNM15slCdYQOYw559dWX-Fb0&amp;redir_esc=y#v=onepage&amp;q=Un%20Etat%20mondial%20via%20Internet%3F%20thelisson&amp;f=false\">Link<\/a>.<\/p>\n<style>\/*! elementor - v3.16.0 - 20-09-2023 *\/<br \/>\n.elementor-heading-title{padding:0;margin:0;line-height:1}.elementor-widget-heading .elementor-heading-title[class*=elementor-size-]>a{color:inherit;font-size:inherit;line-height:inherit}.elementor-widget-heading .elementor-heading-title.elementor-size-small{font-size:15px}.elementor-widget-heading .elementor-heading-title.elementor-size-medium{font-size:19px}.elementor-widget-heading .elementor-heading-title.elementor-size-large{font-size:29px}.elementor-widget-heading .elementor-heading-title.elementor-size-xl{font-size:39px}.elementor-widget-heading .elementor-heading-title.elementor-size-xxl{font-size:59px}<\/style>\n<h4>Edited Volumes and Journals<\/h4>\n<p style=\"text-align: left;\"><strong>2024<\/strong><\/p>\n<p>Braunschweig, B., Mattioli, J., &amp; <strong>Thelisson, E<\/strong>.<strong> AI Trustworthiness Evaluation<\/strong>. Springer. <a href=\"https:\/\/link.springer.com\/collections\/jcjjdhfead\">Link<\/a>.<\/p>\n<p style=\"text-align: left;\"><strong>2022<\/strong><\/p>\n<p><strong>Thelisson, E.,<\/strong> Warin, T., Longepe, N., &amp; de Marcellis-Warin, N.<strong> AI &amp; Big Data Analytics for Emergency Preparedness and Responses Systems<\/strong>. Frontiers. <a href=\"https:\/\/www.frontiersin.org\/research-topics\/19650\/ai-big-data-analytics-for-emergency-preparedness-and-responses-systems#overview\">Link<\/a>.<\/p>\n<p style=\"text-align: left;\"><strong>2022<\/strong><\/p>\n<p><strong>Thelisson, E.,<\/strong> Ho-Dac, M., Padh, K., &amp; Verma, H.\u00a0<strong>Topical Collection on the AI Governance Forum 2022: The EU AI Act \u2013 Towards a Global Consensus on Responsible AI?.<\/strong> AI and Ethics. Springer. <a href=\"https:\/\/www.springer.com\/journal\/43681\/updates\/23936152\">Link<\/a>.<\/p>\n<p style=\"text-align: left;\"><strong>2022<\/strong><\/p>\n<p><strong>Thelisson,<\/strong> <strong>E., <\/strong>Gill, A., Verma, H., Sharma, K., Rotenberg, M., Belgrave, D., &amp; Cambon-Thomsen, A.\u00a0<strong>Governance of AI: Challenges for a Sustainable Digital Ecosystem.\u00a0<\/strong><em>AI and Ethics<\/em>, 2(2). Springer. <a href=\"https:\/\/link.springer.com\/journal\/43681\/volumes-and-issues\/2-2\">Link<\/a>.<\/p>\n","protected":false},"excerpt":{"rendered":"<p>2025 Thelisson, E. La r\u00e9ification de la personne et l\u2019anthropomorphisme des objets: Impact sur la protection de la personne dans le contexte des neurosciences.\u00a0In Bernheim-Desvau, S. and S\u00e9n\u00e9chal, J. (Eds.), Vers un droit neuro-\u00e9thique ? R\u00e9flexion \u00e0 partir des pratiques num\u00e9riques d\u2019influence et de manipulation des consommateurs.\u00a0IRJS Panth\u00e9on Sorbonne. Link. 2025 Verma, H., Padh, K., [&hellip;]<\/p>\n","protected":false},"author":3,"featured_media":0,"parent":0,"menu_order":0,"comment_status":"closed","ping_status":"closed","template":"","meta":{"hide_page_title":"","footnotes":""},"class_list":["post-24","page","type-page","status-publish","hentry"],"_links":{"self":[{"href":"https:\/\/evathelisson.com\/index.php?rest_route=\/wp\/v2\/pages\/24","targetHints":{"allow":["GET"]}}],"collection":[{"href":"https:\/\/evathelisson.com\/index.php?rest_route=\/wp\/v2\/pages"}],"about":[{"href":"https:\/\/evathelisson.com\/index.php?rest_route=\/wp\/v2\/types\/page"}],"author":[{"embeddable":true,"href":"https:\/\/evathelisson.com\/index.php?rest_route=\/wp\/v2\/users\/3"}],"replies":[{"embeddable":true,"href":"https:\/\/evathelisson.com\/index.php?rest_route=%2Fwp%2Fv2%2Fcomments&post=24"}],"version-history":[{"count":84,"href":"https:\/\/evathelisson.com\/index.php?rest_route=\/wp\/v2\/pages\/24\/revisions"}],"predecessor-version":[{"id":138,"href":"https:\/\/evathelisson.com\/index.php?rest_route=\/wp\/v2\/pages\/24\/revisions\/138"}],"wp:attachment":[{"href":"https:\/\/evathelisson.com\/index.php?rest_route=%2Fwp%2Fv2%2Fmedia&parent=24"}],"curies":[{"name":"wp","href":"https:\/\/api.w.org\/{rel}","templated":true}]}}